{"id":2723,"date":"2021-12-07T19:33:32","date_gmt":"2021-12-07T19:33:32","guid":{"rendered":"http:\/\/teamsahlen.com\/?page_id=2723"},"modified":"2022-01-28T22:42:11","modified_gmt":"2022-01-28T22:42:11","slug":"race-tracks","status":"publish","type":"page","link":"https:\/\/teamsahlen.com\/index.php\/about\/race-tracks\/","title":{"rendered":"Race Tracks"},"content":{"rendered":"\n<figure class=\"wp-block-image size-large\"><img loading=\"lazy\" decoding=\"async\" width=\"960\" height=\"540\" src=\"http:\/\/teamsahlen.com\/wp-content\/uploads\/IMG_1574.jpg\" alt=\"\" class=\"wp-image-2724\" srcset=\"https:\/\/teamsahlen.com\/wp-content\/uploads\/IMG_1574.jpg 960w, https:\/\/teamsahlen.com\/wp-content\/uploads\/IMG_1574-300x169.jpg 300w, https:\/\/teamsahlen.com\/wp-content\/uploads\/IMG_1574-768x432.jpg 768w\" sizes=\"auto, (max-width: 960px) 100vw, 960px\" \/><\/figure>\n\n\n\n<div class=\"wp-block-button aligncenter\"><a class=\"wp-block-button__link has-background has-vivid-red-background-color\" href=\"https:\/\/www.youtube.com\/watch?v=GG8Gg9hBcfk\">Race Track <br>Anthology Video<\/a><\/div>\n\n\n\n<figure class=\"wp-block-table\"><table class=\"\"><tbody><tr><td>Name<\/td><td>State\/Prov<\/td><td>Country&nbsp;<\/td><\/tr><tr><td>Atlanta Motor Speedway<\/td><td>Georgia&nbsp;<\/td><td>USA<\/td><\/tr><tr><td>Aut\u00f3dromo Hermanos Rodr\u00edguez<\/td><td>Mexico<\/td><td>Mexico<\/td><\/tr><tr><td>Autodr\u00f3mo&nbsp;Internacional\n  de Las Am\u00e9ricas<\/td><td>Santo Domingo<\/td><td>Dominican Republic<\/td><\/tr><tr><td>Barber Motosports Park<\/td><td>Alabama<\/td><td>USA<\/td><\/tr><tr><td>Barberton Speedway<\/td><td>Ohio<\/td><td>USA<\/td><\/tr><tr><td>Brainerd International Raceway<\/td><td>Minnesota<\/td><td>USA<\/td><\/tr><tr><td>Bronson Speedway<\/td><td>Florida<\/td><td>USA<\/td><\/tr><tr><td>California Motor Speedway<\/td><td>California&nbsp;<\/td><td>USA<\/td><\/tr><tr><td>Carolina Motorsports Park<\/td><td>South Carolina<\/td><td>USA<\/td><\/tr><tr><td>Charlotte Motor Speedway<\/td><td>North Carolina<\/td><td>USA<\/td><\/tr><tr><td>Circuit of the Americas<\/td><td>Texas<\/td><td>USA<\/td><\/tr><tr><td>Connelsville Airport Circuit<\/td><td>Pennsylvania<\/td><td>USA<\/td><\/tr><tr><td>Dallas Street Circuit<\/td><td>Texas<\/td><td>USA<\/td><\/tr><tr><td>Daytona International Speedway<\/td><td>Florida<\/td><td>USA<\/td><\/tr><tr><td>Detroit &#8211; Belle Isle Street\n  Circuit<\/td><td>Michigan<\/td><td>USA<\/td><\/tr><tr><td>Gingerman Raceway<\/td><td>Michigan<\/td><td>USA<\/td><\/tr><tr><td>Heartland Park&nbsp;<\/td><td>Kansas<\/td><td>USA<\/td><\/tr><tr><td>Homestead International\n  Raceway<\/td><td>Florida<\/td><td>USA<\/td><\/tr><tr><td>Indianapolis Motor Speedway<\/td><td>Indiana<\/td><td>USA<\/td><\/tr><tr><td>Indianapolis Raceway Park<\/td><td>Indiana<\/td><td>USA<\/td><\/tr><tr><td>Iowa Speedway<\/td><td>Iowa<\/td><td>USA<\/td><\/tr><tr><td>Kansas Motor Speedway<\/td><td>Kansas<\/td><td>USA<\/td><\/tr><tr><td>Laguna Seca Raceway<\/td><td>California&nbsp;<\/td><td>USA<\/td><\/tr><tr><td>Las Vegas Motor Speedway<\/td><td>Nevada<\/td><td>USA<\/td><\/tr><tr><td>Lime Rock Park<\/td><td>Conneticut<\/td><td>USA<\/td><\/tr><tr><td>Miami Street Circuit<\/td><td>Florida<\/td><td>USA<\/td><\/tr><tr><td>Mid Ohio Sports Car Course<\/td><td>Ohio<\/td><td>USA<\/td><\/tr><tr><td>Miller Motorsports Park<\/td><td>Utah<\/td><td>USA<\/td><\/tr><tr><td>Mont Tremblant<\/td><td>Quebec<\/td><td>Canada<\/td><\/tr><tr><td>Montreal Gilles\n  Villenuvue&nbsp;<\/td><td>Quebec<\/td><td>Canada<\/td><\/tr><tr><td>Mosport Park<\/td><td>Ontario<\/td><td>Canada<\/td><\/tr><tr><td>National Corvette Museum Park<\/td><td>Kentucky<\/td><td>USA<\/td><\/tr><tr><td>Nelson Ledges Road Course<\/td><td>Ohio<\/td><td>USA<\/td><\/tr><tr><td>New Jersey Motorsports Park<\/td><td>New Jersey<\/td><td>USA<\/td><\/tr><tr><td>New Orleans Street Circuit<\/td><td>Louisiana<\/td><td>USA<\/td><\/tr><tr><td>Phoenix International Raceway<\/td><td>Arizona<\/td><td>USA<\/td><\/tr><tr><td>Pikes Peak Hillclimb<\/td><td>Colorado<\/td><td>USA<\/td><\/tr><tr><td>Pikes Peak Speedway<\/td><td>Colorado<\/td><td>USA<\/td><\/tr><tr><td>Pittsburgh International\n  Raceway Complex<\/td><td>Pennsylvania<\/td><td>USA<\/td><\/tr><tr><td>Portland International<\/td><td>Oregon<\/td><td>USA<\/td><\/tr><tr><td>Riverside<\/td><td>California<\/td><td>USA<\/td><\/tr><tr><td>Road America<\/td><td>Wisconsin<\/td><td>USA<\/td><\/tr><tr><td>Road Atlanta<\/td><td>Georgia&nbsp;<\/td><td>USA<\/td><\/tr><tr><td>Roebling Road<\/td><td>Georgia&nbsp;<\/td><td>USA<\/td><\/tr><tr><td>Route 42 Dragway<\/td><td>Ohio<\/td><td>USA<\/td><\/tr><tr><td>Sears Point Raceway<\/td><td>California&nbsp;<\/td><td>USA<\/td><\/tr><tr><td>Sebring International Raceway<\/td><td>Florida<\/td><td>USA<\/td><\/tr><tr><td>St. Louis International\n  Raceway<\/td><td>Illinois<\/td><td>USA<\/td><\/tr><tr><td>Texas World Speedway<\/td><td>Texas<\/td><td>USA<\/td><\/tr><tr><td>Toronto Street Circuit<\/td><td>Ontario<\/td><td>Canada<\/td><\/tr><tr><td>Trios Rivires Street Circuit<\/td><td>Quebec<\/td><td>Canada<\/td><\/tr><tr><td>Virginia International Raceway<\/td><td>Virginia<\/td><td>USA<\/td><\/tr><tr><td>Waterford Hills Road Course<\/td><td>Michigan<\/td><td>USA<\/td><\/tr><tr><td>Watkins Glen International<\/td><td>New York<\/td><td>USA<\/td><\/tr><tr><td>Willow Springs&nbsp;<\/td><td>California<\/td><td>USA<\/td><\/tr><\/tbody><\/table><\/figure>\n","protected":false},"excerpt":{"rendered":"<p>Name State\/Prov Country&nbsp; Atlanta Motor Speedway Georgia&nbsp; USA Aut\u00f3dromo Hermanos Rodr\u00edguez Mexico Mexico Autodr\u00f3mo&nbsp;Internacional de [&hellip;]<\/p>\n","protected":false},"author":3,"featured_media":0,"parent":78,"menu_order":0,"comment_status":"closed","ping_status":"closed","template":"","meta":{"footnotes":""},"class_list":["post-2723","page","type-page","status-publish","hentry"],"_links":{"self":[{"href":"https:\/\/teamsahlen.com\/index.php\/wp-json\/wp\/v2\/pages\/2723","targetHints":{"allow":["GET"]}}],"collection":[{"href":"https:\/\/teamsahlen.com\/index.php\/wp-json\/wp\/v2\/pages"}],"about":[{"href":"https:\/\/teamsahlen.com\/index.php\/wp-json\/wp\/v2\/types\/page"}],"author":[{"embeddable":true,"href":"https:\/\/teamsahlen.com\/index.php\/wp-json\/wp\/v2\/users\/3"}],"replies":[{"embeddable":true,"href":"https:\/\/teamsahlen.com\/index.php\/wp-json\/wp\/v2\/comments?post=2723"}],"version-history":[{"count":2,"href":"https:\/\/teamsahlen.com\/index.php\/wp-json\/wp\/v2\/pages\/2723\/revisions"}],"predecessor-version":[{"id":3087,"href":"https:\/\/teamsahlen.com\/index.php\/wp-json\/wp\/v2\/pages\/2723\/revisions\/3087"}],"up":[{"embeddable":true,"href":"https:\/\/teamsahlen.com\/index.php\/wp-json\/wp\/v2\/pages\/78"}],"wp:attachment":[{"href":"https:\/\/teamsahlen.com\/index.php\/wp-json\/wp\/v2\/media?parent=2723"}],"curies":[{"name":"wp","href":"https:\/\/api.w.org\/{rel}","templated":true}]}}